{"id":38,"date":"2019-02-19T00:45:00","date_gmt":"2019-02-18T23:45:00","guid":{"rendered":"https:\/\/www.thouerisconsulting.eu\/wp-mod\/?page_id=38"},"modified":"2019-03-11T23:15:18","modified_gmt":"2019-03-11T22:15:18","slug":"a-propos-de","status":"publish","type":"page","link":"https:\/\/www.thouerisconsulting.eu\/?page_id=38","title":{"rendered":"\u00c0 propos"},"content":{"rendered":"<p>Thoueris Consulting est un cabinet de conseils en ing\u00e9nierie informatique sp\u00e9cialis\u00e9 dans la qualification logiciel, l\u2019am\u00e9lioration des processus Qualit\u00e9, l\u2019accompagnement de ses clients dans leur transformation Agile.<\/p>\n<div class=\"section group example\">\n<div class=\"col_1_of_2 span_1_of_2\">\n<h2>Une approche pragmatique<\/h2>\n<p>Aider nos clients \u00e0 l&rsquo;int\u00e9grer de la dimension \u00ab qualit\u00e9 et performance \u00bb sur l\u2019ensemble du cycle de vie projet\/produit, \u00e0 aligner leur strat\u00e9gie de croissance sur le SI et les besoins m\u00e9tiers, puis \u00e0 optimiser les processus organisationnels.<\/p>\n<\/div>\n<div class=\"col_1_of_2 span_1_of_2\">\n<p>Notre approche, elle s&rsquo;appuie sur :<\/p>\n<ol>\n<li>Une adaptation des prestations en fonction des enjeux, des sp\u00e9cificit\u00e9s et des exigences de chaque client<\/li>\n<li>Une expertise pointue et un retour d\u2019exp\u00e9rience solide de plus de 12 ans<\/li>\n<li>Une mutualisation de moyens et m\u00e9thodes en conseils et ing\u00e9nierie<\/li>\n<\/ol>\n<h3>\u00a0<\/h3>\n<h2>Nos valeurs<\/h2>\n<p><img decoding=\"async\" src=\"data:image\/gif;base64,R0lGODlhAQABAAAAACH5BAEKAAEALAAAAAABAAEAAAICTAEAOw==\" data-layzr=\"http:\/\/www.qualean-it.com\/public\/images\/v2.png\" \/>\u00a0<strong>Innovation<\/strong> : facteur cl\u00e9 de succ\u00e8s aujourd&rsquo;hui, elle permet une mise en perspective de notre capacit\u00e9 d\u2019adaptation aux nouveaux besoins de nos clients.<\/p>\n<p><img decoding=\"async\" src=\"data:image\/gif;base64,R0lGODlhAQABAAAAACH5BAEKAAEALAAAAAABAAEAAAICTAEAOw==\" data-layzr=\"http:\/\/www.qualean-it.com\/public\/images\/v4.png\" \/>\u00a0<strong>Excellence<\/strong> : la perfection n&rsquo;est pas de ce monde, l&rsquo;essentiel c&rsquo;est de la rechercher. Dans cette qu\u00eate, nous disposons des meilleurs atouts pour cultiver l&rsquo;excellence.<\/p>\n<p><img decoding=\"async\" src=\"data:image\/gif;base64,R0lGODlhAQABAAAAACH5BAEKAAEALAAAAAABAAEAAAICTAEAOw==\" data-layzr=\"http:\/\/www.qualean-it.com\/public\/images\/v5.png\" \/>\u00a0<strong>Expertise<\/strong> : nous offrons \u00e0 nos clients toute l\u2019expertise dont ils ont besoin. Ceci est rendu possible gr\u00e2ce \u00e0 notre engagement de proximit\u00e9.<\/p>\n<p><img decoding=\"async\" src=\"data:image\/gif;base64,R0lGODlhAQABAAAAACH5BAEKAAEALAAAAAABAAEAAAICTAEAOw==\" data-layzr=\"http:\/\/www.qualean-it.com\/public\/images\/v1.png\" \/>\u00a0<strong>Engagement<\/strong> : pour mieux vous satisfaire, Thoueris Consulting\u00a0\u00a0met un point d\u2019honneur \u00e0 \u00eatre pr\u00e9sent \u00e0 vos c\u00f4t\u00e9s dans toutes les phases de vos projets de transformation.<\/p>\n<\/div>\n<\/div>\n\n\n<p> <\/p>\n","protected":false},"excerpt":{"rendered":"<p>Thoueris Consulting est un cabinet de conseils en ing\u00e9nierie informatique sp\u00e9cialis\u00e9 dans la qualification logiciel, l\u2019am\u00e9lioration des processus Qualit\u00e9, l\u2019accompagnement de ses clients dans leur transformation Agile. Une approche pragmatique Aider nos clients \u00e0 l&rsquo;int\u00e9grer de la dimension \u00ab qualit\u00e9 et performance \u00bb sur l\u2019ensemble du cycle de vie projet\/produit, \u00e0 aligner leur strat\u00e9gie de &hellip; <\/p>\n","protected":false},"author":1,"featured_media":0,"parent":0,"menu_order":0,"comment_status":"closed","ping_status":"closed","template":"templates\/about.php","meta":{"footnotes":""},"class_list":["post-38","page","type-page","status-publish","hentry","latest_post"],"_links":{"self":[{"href":"https:\/\/www.thouerisconsulting.eu\/index.php?rest_route=\/wp\/v2\/pages\/38","targetHints":{"allow":["GET"]}}],"collection":[{"href":"https:\/\/www.thouerisconsulting.eu\/index.php?rest_route=\/wp\/v2\/pages"}],"about":[{"href":"https:\/\/www.thouerisconsulting.eu\/index.php?rest_route=\/wp\/v2\/types\/page"}],"author":[{"embeddable":true,"href":"https:\/\/www.thouerisconsulting.eu\/index.php?rest_route=\/wp\/v2\/users\/1"}],"replies":[{"embeddable":true,"href":"https:\/\/www.thouerisconsulting.eu\/index.php?rest_route=%2Fwp%2Fv2%2Fcomments&post=38"}],"version-history":[{"count":10,"href":"https:\/\/www.thouerisconsulting.eu\/index.php?rest_route=\/wp\/v2\/pages\/38\/revisions"}],"predecessor-version":[{"id":287,"href":"https:\/\/www.thouerisconsulting.eu\/index.php?rest_route=\/wp\/v2\/pages\/38\/revisions\/287"}],"wp:attachment":[{"href":"https:\/\/www.thouerisconsulting.eu\/index.php?rest_route=%2Fwp%2Fv2%2Fmedia&parent=38"}],"curies":[{"name":"wp","href":"https:\/\/api.w.org\/{rel}","templated":true}]}}